{"id":756,"date":"2018-12-10T16:36:01","date_gmt":"2018-12-10T15:36:01","guid":{"rendered":"http:\/\/radiosantec.airdev.de\/accueil\/auteurs\/"},"modified":"2022-01-04T12:21:19","modified_gmt":"2022-01-04T11:21:19","slug":"auteurs","status":"publish","type":"page","link":"https:\/\/radio-santec.com\/fr\/accueil\/auteurs\/","title":{"rendered":"Auteurs"},"content":{"rendered":"<p><a href=\"https:\/\/radio-santec.com\" data-elementor-open-lightbox=\"\"><br \/>\n\t\t\t\t\t\t\t<img decoding=\"async\" width=\"27\" height=\"27\" src=\"https:\/\/radio-santec.com\/wp-content\/uploads\/2018\/10\/deutsch.png\" alt=\"\" \/>\t\t\t\t\t\t\t\t<\/a><br \/>\n\t\t\t\t\t\t\t\t\t\t\t<a href=\"https:\/\/radio-santec.com\/it\" data-elementor-open-lightbox=\"\"><br \/>\n\t\t\t\t\t\t\t<img decoding=\"async\" width=\"27\" height=\"27\" src=\"https:\/\/radio-santec.com\/wp-content\/uploads\/2018\/10\/Italian.png\" alt=\"\" \/>\t\t\t\t\t\t\t\t<\/a><br \/>\n\t\t\t\t\t\t\t\t\t\t\t<a href=\"https:\/\/radio-santec.com\/es\" data-elementor-open-lightbox=\"\"><br \/>\n\t\t\t\t\t\t\t<img decoding=\"async\" width=\"27\" height=\"27\" src=\"https:\/\/radio-santec.com\/wp-content\/uploads\/2018\/10\/Spanish.png\" alt=\"\" \/>\t\t\t\t\t\t\t\t<\/a><br \/>\n\t\t\t\t\t\t\t\t\t\t\t<a href=\"https:\/\/radio-santec.com\/fr\" data-elementor-open-lightbox=\"\"><br \/>\n\t\t\t\t\t\t\t<img loading=\"lazy\" decoding=\"async\" width=\"27\" height=\"27\" src=\"https:\/\/radio-santec.com\/wp-content\/uploads\/2018\/10\/French.png\" alt=\"\" \/>\t\t\t\t\t\t\t\t<\/a><br \/>\n\t\t\t\t\t\t\t\t\t\t\t<a href=\"https:\/\/radio-santec.com\/en\" data-elementor-open-lightbox=\"\"><br \/>\n\t\t\t\t\t\t\t<img loading=\"lazy\" decoding=\"async\" width=\"27\" height=\"27\" src=\"https:\/\/radio-santec.com\/wp-content\/uploads\/2018\/10\/English.png\" alt=\"\" \/>\t\t\t\t\t\t\t\t<\/a><br \/>\n\t\t\t\t\t\t\t\t\t\t\t<a href=\"https:\/\/radio-santec.com\/fr\" data-elementor-open-lightbox=\"\"><br \/>\n\t\t\t\t\t\t\t<img loading=\"lazy\" decoding=\"async\" width=\"413\" height=\"140\" src=\"https:\/\/radio-santec.com\/wp-content\/uploads\/2018\/10\/logo_radio_santec.jpg\" alt=\"\" srcset=\"https:\/\/radio-santec.com\/wp-content\/uploads\/2018\/10\/logo_radio_santec.jpg 413w, https:\/\/radio-santec.com\/wp-content\/uploads\/2018\/10\/logo_radio_santec-300x102.jpg 300w\" sizes=\"(max-width: 413px) 100vw, 413px\" \/>\t\t\t\t\t\t\t\t<\/a><\/p>\n<h2><i>Hors de toute religion \u2014 L&rsquo;Espirit libre<\/i><\/h2>\n<h3>LA RADIO-TV INTERNATIONALE DU CHRISTIANISME DES ORIGINES<\/h3>\n<p>\t\t\t\t\t\t\t\t\t\t\t<a href=\"https:\/\/radio-santec.com\/fr\" data-elementor-open-lightbox=\"\"><br \/>\n\t\t\t\t\t\t\t<img loading=\"lazy\" decoding=\"async\" width=\"413\" height=\"140\" src=\"https:\/\/radio-santec.com\/wp-content\/uploads\/2018\/10\/logo_sophia_tv.jpg\" alt=\"\" srcset=\"https:\/\/radio-santec.com\/wp-content\/uploads\/2018\/10\/logo_sophia_tv.jpg 413w, https:\/\/radio-santec.com\/wp-content\/uploads\/2018\/10\/logo_sophia_tv-300x102.jpg 300w\" sizes=\"(max-width: 413px) 100vw, 413px\" \/>\t\t\t\t\t\t\t\t<\/a><\/p>\n<h2><a href=\"https:\/\/radio-santec.com\/fr\/accueil\/audio\/\">Radio web de Radio Santec<\/a><\/h2>\n<h2><a href=\"https:\/\/radio-santec.com\/fr\/accueil\/audio\/\">Ecouter<\/a><\/h2>\n<p>\t\t\t\t\t\t\t\t\t\t\t<a href=\"https:\/\/radio-santec.com\/fr\/accueil\/audio\/\" data-elementor-open-lightbox=\"\"><br \/>\n\t\t\t\t\t\t\t<img loading=\"lazy\" decoding=\"async\" width=\"325\" height=\"180\" src=\"https:\/\/radio-santec.com\/wp-content\/uploads\/2018\/10\/radio_player.png\" alt=\"\" srcset=\"https:\/\/radio-santec.com\/wp-content\/uploads\/2018\/10\/radio_player.png 325w, https:\/\/radio-santec.com\/wp-content\/uploads\/2018\/10\/radio_player-300x166.png 300w\" sizes=\"(max-width: 325px) 100vw, 325px\" \/>\t\t\t\t\t\t\t\t<\/a><\/p>\n<h2><a href=\"https:\/\/radio-santec.com\/fr\/accueil\/video\/\">Sophia TV en streaming<\/a><\/h2>\n<h2><a href=\"https:\/\/radio-santec.com\/fr\/accueil\/video\/\">Regarder<\/a><\/h2>\n<p>\t\t\t\t\t\t\t\t\t\t\t<a href=\"https:\/\/radio-santec.com\/fr\/accueil\/video\/\" data-elementor-open-lightbox=\"\"><br \/>\n\t\t\t\t\t\t\t<img loading=\"lazy\" decoding=\"async\" width=\"293\" height=\"180\" src=\"https:\/\/radio-santec.com\/wp-content\/uploads\/2018\/10\/video_sophia.png\" alt=\"\" \/>\t\t\t\t\t\t\t\t<\/a><\/p>\n<h2>Auteurs<\/h2>\n<p>Radio SANTEC-Sophia TV est un \u00e9metteur libre et ind\u00e9pendant de toute religion, qui a \u00e9t\u00e9 cr\u00e9\u00e9 en 1999. Le contenu de ses \u00e9missions traite des diff\u00e9rents domaines de la vie du point de vue des valeurs morales et \u00e9thiques que l&rsquo;on trouve dans les Dix Commandements de Dieu, le Sermon sur la Montagne du Christ et les enseignements donn\u00e9s \u00e0 notre \u00e9poque par la parole proph\u00e9tique \u00e0 travers Gabriele, la proph\u00e8tesse et messag\u00e8re de Dieu \u00e0 notre \u00e9poque.<\/p>\n<p>Ces valeurs apportent le respect et la tol\u00e9rance ainsi que la non-violence et le respect envers la nature et les animaux. Les valeurs du christianisme des origines offrent \u00e0 toutes les personnes de toutes les cultures une orientation, dans la conscience que nous sommes tous les enfants du m\u00eame Dieu, unis dans l&rsquo;Un universel.<\/p>\n<p>Ces \u00e9missions, disponibles en plusieurs langues, sont offertes gratuitement \u00e0 toutes les radios et t\u00e9l\u00e9visions qui souhaitent les diffuser.<\/p>\n<p>\t\t\t\t\t\t\t\t\t\t\t<a href=\"https:\/\/radio-santec.com\/accueil\/programmes\/?lang=fr\" data-elementor-open-lightbox=\"\"><br \/>\n\t\t\t\t\t\t\t<img decoding=\"async\" src=\"https:\/\/radio-santec.com\/wp-content\/uploads\/2018\/10\/schedule-01.svg\" alt=\"\" \/>\t\t\t\t\t\t\t\t<\/a><\/p>\n<h2>Programmes<\/h2>\n<p>\t\tNous sommes une station de radio et de t\u00e9l\u00e9vision ind\u00e9pendante. D\u00e9couvrez nos programmes radio et TV !<br \/>\n\t\t\t\t\t\t\t\t\t\t<img decoding=\"async\" src=\"https:\/\/radio-santec.com\/wp-content\/uploads\/elementor\/thumbs\/spenden_photo1-ny04xwlir4mip2q8m1gury3knisiy25hwo3imdlz5w.jpg\" title=\"spenden_photo1\" alt=\"spenden_photo1\" \/>\t\t\t\t\t\t\t\t\t\t\t<\/p>\n<h2>Dons<\/h2>\n<p>Les chr\u00e9tiens des origines de RADIO SANTEC &amp; TV ne font pas tout simplement un appel aux dons. Ce que nous vous demandons c&rsquo;est de nous aider \u00e0 rendre nos prochains heureux par un don provenant du c\u0153ur.<\/p>\n<p>\t\t\t<a href=\"\/fr\/accueil\/dons\/\" role=\"button\"><br \/>\n\t\t\t\t\t\tFATES UN DON!<br \/>\n\t\t\t\t\t<\/a><br \/>\n<canvas><\/canvas><\/p>\n<h2>Heure d&rsquo;Europe Centrale<\/h2>\n<p>Radio Santec \u2013 Sophia TV diffuse de l&rsquo;Allemagne dans le monde entier et en continu 24H\/24. L&rsquo;heure de r\u00e9f\u00e9rence est l&rsquo;heure de Berlin (HEC, Heure d&rsquo;Europe Centrale ou CET, Central European Time).<\/p>\n<h2>Liens utiles<\/h2>\n<p>\t\t\t<a href=\"https:\/\/www.santec-music.de\" role=\"button\"><br \/>\n\t\t\t\t\t\tSantec Music<br \/>\n\t\t\t\t\t<\/a><\/p>\n<p>\u00a9 2019 &#8211; Radio Santec &#8211; Sophia TV<\/p>\n","protected":false},"excerpt":{"rendered":"<p>Hors de toute religion \u2014 L&rsquo;Espirit libre LA RADIO-TV INTERNATIONALE DU CHRISTIANISME DES ORIGINES Radio web de Radio Santec Ecouter Sophia TV en streaming Regarder Auteurs Radio SANTEC-Sophia TV est un \u00e9metteur libre et ind\u00e9pendant de toute religion, qui a \u00e9t\u00e9 cr\u00e9\u00e9 en 1999. Le contenu de ses \u00e9missions traite [&hellip;]<\/p>\n","protected":false},"author":3,"featured_media":0,"parent":611,"menu_order":0,"comment_status":"closed","ping_status":"closed","template":"elementor_canvas","meta":{"footnotes":""},"class_list":["post-756","page","type-page","status-publish","hentry"],"_links":{"self":[{"href":"https:\/\/radio-santec.com\/fr\/wp-json\/wp\/v2\/pages\/756","targetHints":{"allow":["GET"]}}],"collection":[{"href":"https:\/\/radio-santec.com\/fr\/wp-json\/wp\/v2\/pages"}],"about":[{"href":"https:\/\/radio-santec.com\/fr\/wp-json\/wp\/v2\/types\/page"}],"author":[{"embeddable":true,"href":"https:\/\/radio-santec.com\/fr\/wp-json\/wp\/v2\/users\/3"}],"replies":[{"embeddable":true,"href":"https:\/\/radio-santec.com\/fr\/wp-json\/wp\/v2\/comments?post=756"}],"version-history":[{"count":10,"href":"https:\/\/radio-santec.com\/fr\/wp-json\/wp\/v2\/pages\/756\/revisions"}],"predecessor-version":[{"id":1932,"href":"https:\/\/radio-santec.com\/fr\/wp-json\/wp\/v2\/pages\/756\/revisions\/1932"}],"up":[{"embeddable":true,"href":"https:\/\/radio-santec.com\/fr\/wp-json\/wp\/v2\/pages\/611"}],"wp:attachment":[{"href":"https:\/\/radio-santec.com\/fr\/wp-json\/wp\/v2\/media?parent=756"}],"curies":[{"name":"wp","href":"https:\/\/api.w.org\/{rel}","templated":true}]}}