{"id":9446,"date":"2022-11-07T11:41:08","date_gmt":"2022-11-07T10:41:08","guid":{"rendered":"https:\/\/radio-santec.com\/spenden-ihr-tag\/"},"modified":"2023-03-22T16:02:42","modified_gmt":"2023-03-22T15:02:42","slug":"spenden-ihr-tag","status":"publish","type":"page","link":"https:\/\/radio-santec.com\/es\/spenden-ihr-tag\/","title":{"rendered":"Spenden &#8211; Ihr Tag"},"content":{"rendered":"\t\t<div data-elementor-type=\"wp-page\" data-elementor-id=\"9446\" class=\"elementor elementor-9446 elementor-7382\" data-elementor-post-type=\"page\">\n\t\t\t\t\t\t<section class=\"elementor-section elementor-top-section elementor-element elementor-element-48984f76 elementor-section-height-min-height elementor-section-boxed elementor-section-height-default elementor-section-items-middle\" data-id=\"48984f76\" data-element_type=\"section\" data-e-type=\"section\" data-settings=\"{&quot;background_background&quot;:&quot;gradient&quot;}\">\n\t\t\t\t\t\t<div class=\"elementor-container elementor-column-gap-default\">\n\t\t\t\t\t<div class=\"elementor-column elementor-col-100 elementor-top-column elementor-element elementor-element-2a85bf5b\" data-id=\"2a85bf5b\" data-element_type=\"column\" data-e-type=\"column\">\n\t\t\t<div class=\"elementor-widget-wrap elementor-element-populated\">\n\t\t\t\t\t\t<section class=\"elementor-section elementor-inner-section elementor-element elementor-element-46225493 elementor-section-content-middle elementor-section-boxed elementor-section-height-default elementor-section-height-default\" data-id=\"46225493\" data-element_type=\"section\" data-e-type=\"section\">\n\t\t\t\t\t\t<div class=\"elementor-container elementor-column-gap-default\">\n\t\t\t\t\t<div class=\"elementor-column elementor-col-33 elementor-inner-column elementor-element elementor-element-2953c555\" data-id=\"2953c555\" data-element_type=\"column\" data-e-type=\"column\">\n\t\t\t<div class=\"elementor-widget-wrap elementor-element-populated\">\n\t\t\t\t\t\t<div class=\"elementor-element elementor-element-7498232b elementor-widget elementor-widget-image\" data-id=\"7498232b\" data-element_type=\"widget\" data-e-type=\"widget\" data-widget_type=\"image.default\">\n\t\t\t\t<div class=\"elementor-widget-container\">\n\t\t\t\t\t\t\t\t\t\t\t\t\t\t\t\t<a href=\"https:\/\/radio-santec.com\/es\/\">\n\t\t\t\t\t\t\t<img fetchpriority=\"high\" decoding=\"async\" width=\"410\" height=\"145\" src=\"https:\/\/radio-santec.com\/wp-content\/uploads\/2019\/05\/RadioSantecLogo_klein.png\" class=\"attachment-large size-large wp-image-2259\" alt=\"\" srcset=\"https:\/\/radio-santec.com\/wp-content\/uploads\/2019\/05\/RadioSantecLogo_klein.png 410w, https:\/\/radio-santec.com\/wp-content\/uploads\/2019\/05\/RadioSantecLogo_klein-300x106.png 300w\" sizes=\"(max-width: 410px) 100vw, 410px\" \/>\t\t\t\t\t\t\t\t<\/a>\n\t\t\t\t\t\t\t\t\t\t\t\t\t\t\t<\/div>\n\t\t\t\t<\/div>\n\t\t\t\t\t<\/div>\n\t\t<\/div>\n\t\t\t\t<div class=\"elementor-column elementor-col-33 elementor-inner-column elementor-element elementor-element-3217b117\" data-id=\"3217b117\" data-element_type=\"column\" data-e-type=\"column\">\n\t\t\t<div class=\"elementor-widget-wrap elementor-element-populated\">\n\t\t\t\t\t\t<div class=\"elementor-element elementor-element-ecf0d33 elementor-hidden-phone elementor-widget elementor-widget-heading\" data-id=\"ecf0d33\" data-element_type=\"widget\" data-e-type=\"widget\" data-widget_type=\"heading.default\">\n\t\t\t\t<div class=\"elementor-widget-container\">\n\t\t\t\t\t<h2 class=\"elementor-heading-title elementor-size-default\"><i>Ninguna religi\u00f3n - El Esp\u00edritu Libre<\/i><\/h2>\t\t\t\t<\/div>\n\t\t\t\t<\/div>\n\t\t\t\t<div class=\"elementor-element elementor-element-225b7c6e elementor-hidden-phone elementor-widget elementor-widget-heading\" data-id=\"225b7c6e\" data-element_type=\"widget\" data-e-type=\"widget\" data-widget_type=\"heading.default\">\n\t\t\t\t<div class=\"elementor-widget-container\">\n\t\t\t\t\t<h3 class=\"elementor-heading-title elementor-size-default\">EMISOR INTERNACIONAL<br>CRISTIANO-ORIGINARIO DE RADIO Y TV<\/h3>\t\t\t\t<\/div>\n\t\t\t\t<\/div>\n\t\t\t\t\t<\/div>\n\t\t<\/div>\n\t\t\t\t<div class=\"elementor-column elementor-col-33 elementor-inner-column elementor-element elementor-element-6bcff9e9\" data-id=\"6bcff9e9\" data-element_type=\"column\" data-e-type=\"column\">\n\t\t\t<div class=\"elementor-widget-wrap elementor-element-populated\">\n\t\t\t\t\t\t<div class=\"elementor-element elementor-element-727c4ee6 elementor-widget elementor-widget-image\" data-id=\"727c4ee6\" data-element_type=\"widget\" data-e-type=\"widget\" data-widget_type=\"image.default\">\n\t\t\t\t<div class=\"elementor-widget-container\">\n\t\t\t\t\t\t\t\t\t\t\t\t\t\t\t\t<a href=\"https:\/\/radio-santec.com\/es\/\">\n\t\t\t\t\t\t\t<img decoding=\"async\" width=\"410\" height=\"145\" src=\"https:\/\/radio-santec.com\/wp-content\/uploads\/2019\/05\/SophiaTVLogo_klein.png\" class=\"attachment-large size-large wp-image-2265\" alt=\"\" srcset=\"https:\/\/radio-santec.com\/wp-content\/uploads\/2019\/05\/SophiaTVLogo_klein.png 410w, https:\/\/radio-santec.com\/wp-content\/uploads\/2019\/05\/SophiaTVLogo_klein-300x106.png 300w\" sizes=\"(max-width: 410px) 100vw, 410px\" \/>\t\t\t\t\t\t\t\t<\/a>\n\t\t\t\t\t\t\t\t\t\t\t\t\t\t\t<\/div>\n\t\t\t\t<\/div>\n\t\t\t\t\t<\/div>\n\t\t<\/div>\n\t\t\t\t\t<\/div>\n\t\t<\/section>\n\t\t\t\t\t<\/div>\n\t\t<\/div>\n\t\t\t\t\t<\/div>\n\t\t<\/section>\n\t\t\t\t<section class=\"elementor-section elementor-top-section elementor-element elementor-element-9149f94 elementor-section-boxed elementor-section-height-default elementor-section-height-default\" data-id=\"9149f94\" data-element_type=\"section\" data-e-type=\"section\">\n\t\t\t\t\t\t<div class=\"elementor-container elementor-column-gap-default\">\n\t\t\t\t\t<div class=\"elementor-column elementor-col-100 elementor-top-column elementor-element elementor-element-550728c\" data-id=\"550728c\" data-element_type=\"column\" data-e-type=\"column\">\n\t\t\t<div class=\"elementor-widget-wrap\">\n\t\t\t\t\t\t\t<\/div>\n\t\t<\/div>\n\t\t\t\t\t<\/div>\n\t\t<\/section>\n\t\t\t\t<section class=\"elementor-section elementor-top-section elementor-element elementor-element-0292aa8 elementor-section-boxed elementor-section-height-default elementor-section-height-default\" data-id=\"0292aa8\" data-element_type=\"section\" data-e-type=\"section\" data-settings=\"{&quot;background_background&quot;:&quot;classic&quot;}\">\n\t\t\t\t\t\t\t<div class=\"elementor-background-overlay\"><\/div>\n\t\t\t\t\t\t\t<div class=\"elementor-container elementor-column-gap-default\">\n\t\t\t\t\t<div class=\"elementor-column elementor-col-50 elementor-top-column elementor-element elementor-element-d64ce36\" data-id=\"d64ce36\" data-element_type=\"column\" data-e-type=\"column\" data-settings=\"{&quot;background_background&quot;:&quot;classic&quot;}\">\n\t\t\t<div class=\"elementor-widget-wrap elementor-element-populated\">\n\t\t\t\t\t\t<div class=\"elementor-element elementor-element-c789a77 elementor-widget elementor-widget-text-editor\" data-id=\"c789a77\" data-element_type=\"widget\" data-e-type=\"widget\" data-widget_type=\"text-editor.default\">\n\t\t\t\t<div class=\"elementor-widget-container\">\n\t\t\t\t\t\t\t\t\t<p>Desde hace muchos a\u00f1os a Radio Santec le est\u00e1 siendo posible ofrecer mundialmente y de forma gratuita la aplicaci\u00f3n \u00abIhr Tag &#8211; Su d\u00eda\u00bb gracias al apoyo econ\u00f3mico de muchos amigos.<\/p><p>\u00a1Muchas gracias por su colaboraci\u00f3n!<\/p>\t\t\t\t\t\t\t\t<\/div>\n\t\t\t\t<\/div>\n\t\t\t\t\t<\/div>\n\t\t<\/div>\n\t\t\t\t<div class=\"elementor-column elementor-col-50 elementor-top-column elementor-element elementor-element-f95a8dd\" data-id=\"f95a8dd\" data-element_type=\"column\" data-e-type=\"column\">\n\t\t\t<div class=\"elementor-widget-wrap elementor-element-populated\">\n\t\t\t\t\t\t<div class=\"elementor-element elementor-element-97e2145 elementor-widget elementor-widget-image\" data-id=\"97e2145\" data-element_type=\"widget\" data-e-type=\"widget\" data-widget_type=\"image.default\">\n\t\t\t\t<div class=\"elementor-widget-container\">\n\t\t\t\t\t\t\t\t\t\t\t\t\t\t\t<img decoding=\"async\" width=\"485\" height=\"1024\" src=\"https:\/\/radio-santec.com\/wp-content\/uploads\/2022\/11\/Iht-Tag-ES-485x1024.jpg\" class=\"attachment-large size-large wp-image-9409\" alt=\"\" srcset=\"https:\/\/radio-santec.com\/wp-content\/uploads\/2022\/11\/Iht-Tag-ES-485x1024.jpg 485w, https:\/\/radio-santec.com\/wp-content\/uploads\/2022\/11\/Iht-Tag-ES-142x300.jpg 142w, https:\/\/radio-santec.com\/wp-content\/uploads\/2022\/11\/Iht-Tag-ES.jpg 500w\" sizes=\"(max-width: 485px) 100vw, 485px\" \/>\t\t\t\t\t\t\t\t\t\t\t\t\t\t\t<\/div>\n\t\t\t\t<\/div>\n\t\t\t\t\t<\/div>\n\t\t<\/div>\n\t\t\t\t\t<\/div>\n\t\t<\/section>\n\t\t\t\t<section class=\"elementor-section elementor-top-section elementor-element elementor-element-6ebce637 elementor-section-boxed elementor-section-height-default elementor-section-height-default\" data-id=\"6ebce637\" data-element_type=\"section\" data-e-type=\"section\" data-settings=\"{&quot;background_background&quot;:&quot;classic&quot;}\">\n\t\t\t\t\t\t<div class=\"elementor-container elementor-column-gap-extended\">\n\t\t\t\t\t<div class=\"elementor-column elementor-col-100 elementor-top-column elementor-element elementor-element-574282f2\" data-id=\"574282f2\" data-element_type=\"column\" data-e-type=\"column\">\n\t\t\t<div class=\"elementor-widget-wrap elementor-element-populated\">\n\t\t\t\t\t\t<div class=\"elementor-element elementor-element-44670704 elementor-widget elementor-widget-heading\" data-id=\"44670704\" data-element_type=\"widget\" data-e-type=\"widget\" data-widget_type=\"heading.default\">\n\t\t\t\t<div class=\"elementor-widget-container\">\n\t\t\t\t\t<h2 class=\"elementor-heading-title elementor-size-default\">Donativos Ihr Tag \u2013  hechos de modo f\u00e1cil y seguro a trav\u00e9s de PayPal<\/h2>\t\t\t\t<\/div>\n\t\t\t\t<\/div>\n\t\t\t\t<div class=\"elementor-element elementor-element-4a4d8e0d elementor-widget elementor-widget-html\" data-id=\"4a4d8e0d\" data-element_type=\"widget\" data-e-type=\"widget\" data-widget_type=\"html.default\">\n\t\t\t\t<div class=\"elementor-widget-container\">\n\t\t\t\t\t<center><form action=\"https:\/\/www.paypal.com\/donate\" method=\"post\" target=\"_top\">\n<input type=\"hidden\" name=\"hosted_button_id\" value=\"QJ26S5KGWHR8Y\" \/>\n<input type=\"image\" src=\"https:\/\/www.paypalobjects.com\/es_ES\/ES\/i\/btn\/btn_donateCC_LG.gif\" border=\"0\" name=\"submit\" title=\"PayPal - The safer, easier way to pay online!\" alt=\"Spenden mit dem PayPal-Button\" \/>\n<img loading=\"lazy\" decoding=\"async\" alt=\"\" border=\"0\" src=\"https:\/\/www.paypal.com\/de_DE\/i\/scr\/pixel.gif\" width=\"1\" height=\"1\" \/>\n<\/form><\/center>\t\t\t\t<\/div>\n\t\t\t\t<\/div>\n\t\t\t\t<section class=\"elementor-section elementor-inner-section elementor-element elementor-element-d2d6835 elementor-section-boxed elementor-section-height-default elementor-section-height-default\" data-id=\"d2d6835\" data-element_type=\"section\" data-e-type=\"section\">\n\t\t\t\t\t\t<div class=\"elementor-container elementor-column-gap-default\">\n\t\t\t\t\t<div class=\"elementor-column elementor-col-33 elementor-inner-column elementor-element elementor-element-107dcac8\" data-id=\"107dcac8\" data-element_type=\"column\" data-e-type=\"column\">\n\t\t\t<div class=\"elementor-widget-wrap elementor-element-populated\">\n\t\t\t\t\t\t<div class=\"elementor-element elementor-element-1cd41f0a elementor-widget elementor-widget-heading\" data-id=\"1cd41f0a\" data-element_type=\"widget\" data-e-type=\"widget\" data-widget_type=\"heading.default\">\n\t\t\t\t<div class=\"elementor-widget-container\">\n\t\t\t\t\t<h2 class=\"elementor-heading-title elementor-size-default\">F\u00fcr Ihre Spenden an Radio Santec - Sophia TV:<\/h2>\t\t\t\t<\/div>\n\t\t\t\t<\/div>\n\t\t\t\t<div class=\"elementor-element elementor-element-2af9a99d elementor-widget elementor-widget-text-editor\" data-id=\"2af9a99d\" data-element_type=\"widget\" data-e-type=\"widget\" data-widget_type=\"text-editor.default\">\n\t\t\t\t<div class=\"elementor-widget-container\">\n\t\t\t\t\t\t\t\t\t<p>IBAN: DE08 7905 0000 0041 5935 00<br \/>BIC: BYLADEM1SWU<br \/>Sparkasse Mainfranken W\u00fcrzburg<br \/>\u201cSpende &#8211; Ihr Tag\u201d<\/p>\n\t\t\t\t\t\t\t\t<\/div>\n\t\t\t\t<\/div>\n\t\t\t\t\t<\/div>\n\t\t<\/div>\n\t\t\t\t<div class=\"elementor-column elementor-col-33 elementor-inner-column elementor-element elementor-element-326bad2e\" data-id=\"326bad2e\" data-element_type=\"column\" data-e-type=\"column\">\n\t\t\t<div class=\"elementor-widget-wrap elementor-element-populated\">\n\t\t\t\t\t\t<div class=\"elementor-element elementor-element-6dae71c3 elementor-widget elementor-widget-heading\" data-id=\"6dae71c3\" data-element_type=\"widget\" data-e-type=\"widget\" data-widget_type=\"heading.default\">\n\t\t\t\t<div class=\"elementor-widget-container\">\n\t\t\t\t\t<h2 class=\"elementor-heading-title elementor-size-default\">Schweiz:<\/h2>\t\t\t\t<\/div>\n\t\t\t\t<\/div>\n\t\t\t\t<div class=\"elementor-element elementor-element-1fbe43fc elementor-widget elementor-widget-text-editor\" data-id=\"1fbe43fc\" data-element_type=\"widget\" data-e-type=\"widget\" data-widget_type=\"text-editor.default\">\n\t\t\t\t<div class=\"elementor-widget-container\">\n\t\t\t\t\t\t\t\t\t<p>Raiffeisenbank Luzern<br \/>IBAN: CH44 8080 8007 2337 1766 4<br \/>BIC: RAIFCH22<br \/>oder Postscheckkonto 60-2339-7<\/p>\n\t\t\t\t\t\t\t\t<\/div>\n\t\t\t\t<\/div>\n\t\t\t\t\t<\/div>\n\t\t<\/div>\n\t\t\t\t<div class=\"elementor-column elementor-col-33 elementor-inner-column elementor-element elementor-element-77d46c3e\" data-id=\"77d46c3e\" data-element_type=\"column\" data-e-type=\"column\">\n\t\t\t<div class=\"elementor-widget-wrap elementor-element-populated\">\n\t\t\t\t\t\t<div class=\"elementor-element elementor-element-45a246d elementor-widget elementor-widget-heading\" data-id=\"45a246d\" data-element_type=\"widget\" data-e-type=\"widget\" data-widget_type=\"heading.default\">\n\t\t\t\t<div class=\"elementor-widget-container\">\n\t\t\t\t\t<h2 class=\"elementor-heading-title elementor-size-default\">\u00d6sterreich:<\/h2>\t\t\t\t<\/div>\n\t\t\t\t<\/div>\n\t\t\t\t<div class=\"elementor-element elementor-element-13122880 elementor-widget elementor-widget-text-editor\" data-id=\"13122880\" data-element_type=\"widget\" data-e-type=\"widget\" data-widget_type=\"text-editor.default\">\n\t\t\t\t<div class=\"elementor-widget-container\">\n\t\t\t\t\t\t\t\t\t<p>Bank Austria<br \/>IBAN : AT27 1200 0515 7405 2101<br \/>BIC : BKAUATWW<\/p>\n\t\t\t\t\t\t\t\t<\/div>\n\t\t\t\t<\/div>\n\t\t\t\t\t<\/div>\n\t\t<\/div>\n\t\t\t\t\t<\/div>\n\t\t<\/section>\n\t\t\t\t\t<\/div>\n\t\t<\/div>\n\t\t\t\t\t<\/div>\n\t\t<\/section>\n\t\t\t\t<section class=\"elementor-section elementor-top-section elementor-element elementor-element-67e6233 elementor-section-boxed elementor-section-height-default elementor-section-height-default\" data-id=\"67e6233\" data-element_type=\"section\" data-e-type=\"section\" data-settings=\"{&quot;background_background&quot;:&quot;classic&quot;}\">\n\t\t\t\t\t\t\t<div class=\"elementor-background-overlay\"><\/div>\n\t\t\t\t\t\t\t<div class=\"elementor-container elementor-column-gap-default\">\n\t\t\t\t\t<div class=\"elementor-column elementor-col-100 elementor-top-column elementor-element elementor-element-8cca45c\" data-id=\"8cca45c\" data-element_type=\"column\" data-e-type=\"column\">\n\t\t\t<div class=\"elementor-widget-wrap elementor-element-populated\">\n\t\t\t\t\t\t<div class=\"elementor-element elementor-element-2c19aca elementor-widget elementor-widget-heading\" data-id=\"2c19aca\" data-element_type=\"widget\" data-e-type=\"widget\" data-widget_type=\"heading.default\">\n\t\t\t\t<div class=\"elementor-widget-container\">\n\t\t\t\t\t<h2 class=\"elementor-heading-title elementor-size-default\"><a href=\"https:\/\/radio-santec.com\/es\/\">Ir a la p\u00e1gina de inicio de Radio Santec <br><br><\/a><\/h2>\t\t\t\t<\/div>\n\t\t\t\t<\/div>\n\t\t\t\t\t<\/div>\n\t\t<\/div>\n\t\t\t\t\t<\/div>\n\t\t<\/section>\n\t\t\t\t<section class=\"elementor-section elementor-top-section elementor-element elementor-element-481b6bd4 elementor-section-boxed elementor-section-height-default elementor-section-height-default\" data-id=\"481b6bd4\" data-element_type=\"section\" data-e-type=\"section\" data-settings=\"{&quot;background_background&quot;:&quot;classic&quot;}\">\n\t\t\t\t\t\t<div class=\"elementor-container elementor-column-gap-default\">\n\t\t\t\t\t<div class=\"elementor-column elementor-col-33 elementor-top-column elementor-element elementor-element-670db35f\" data-id=\"670db35f\" data-element_type=\"column\" data-e-type=\"column\">\n\t\t\t<div class=\"elementor-widget-wrap elementor-element-populated\">\n\t\t\t\t\t\t<div class=\"elementor-element elementor-element-71456e93 elementor-widget elementor-widget-global elementor-global-1620 elementor-widget-text-editor\" data-id=\"71456e93\" data-element_type=\"widget\" data-e-type=\"widget\" data-widget_type=\"text-editor.default\">\n\t\t\t\t<div class=\"elementor-widget-container\">\n\t\t\t\t\t\t\t\t\t<p>\u00a9 2022 Radio Santec &#8211; SOPHIA TV<\/p>\t\t\t\t\t\t\t\t<\/div>\n\t\t\t\t<\/div>\n\t\t\t\t\t<\/div>\n\t\t<\/div>\n\t\t\t\t<div class=\"elementor-column elementor-col-66 elementor-top-column elementor-element elementor-element-4d70ea2\" data-id=\"4d70ea2\" data-element_type=\"column\" data-e-type=\"column\">\n\t\t\t<div class=\"elementor-widget-wrap elementor-element-populated\">\n\t\t\t\t\t\t<div class=\"elementor-element elementor-element-14d4561f elementor-nav-menu__align-end elementor-nav-menu--dropdown-mobile footer-nav elementor-nav-menu__text-align-aside elementor-nav-menu--toggle elementor-nav-menu--burger elementor-widget elementor-widget-nav-menu\" data-id=\"14d4561f\" data-element_type=\"widget\" data-e-type=\"widget\" data-settings=\"{&quot;submenu_icon&quot;:{&quot;value&quot;:&quot;&lt;i class=\\&quot;\\&quot; aria-hidden=\\&quot;true\\&quot;&gt;&lt;\\\/i&gt;&quot;,&quot;library&quot;:&quot;&quot;},&quot;layout&quot;:&quot;horizontal&quot;,&quot;toggle&quot;:&quot;burger&quot;}\" data-widget_type=\"nav-menu.default\">\n\t\t\t\t<div class=\"elementor-widget-container\">\n\t\t\t\t\t\t\t\t<nav aria-label=\"Men\u00fa\" class=\"elementor-nav-menu--main elementor-nav-menu__container elementor-nav-menu--layout-horizontal e--pointer-none\">\n\t\t\t\t<ul id=\"menu-1-14d4561f\" class=\"elementor-nav-menu\"><li class=\"menu-item menu-item-type-post_type menu-item-object-page menu-item-916\"><a href=\"https:\/\/radio-santec.com\/es\/impressum\/\" class=\"elementor-item\">Impressum<\/a><\/li>\n<li class=\"menu-item menu-item-type-post_type menu-item-object-page menu-item-917\"><a href=\"https:\/\/radio-santec.com\/es\/proteccion-de-datos\/\" class=\"elementor-item\">Protecci\u00f3n de datos<\/a><\/li>\n<li class=\"menu-item menu-item-type-post_type menu-item-object-page menu-item-918\"><a href=\"https:\/\/radio-santec.com\/es\/derechos-de-autor\/\" class=\"elementor-item\">Derechos de autor<\/a><\/li>\n<\/ul>\t\t\t<\/nav>\n\t\t\t\t\t<div class=\"elementor-menu-toggle\" role=\"button\" tabindex=\"0\" aria-label=\"Alternar men\u00fa\" aria-expanded=\"false\">\n\t\t\t<i aria-hidden=\"true\" role=\"presentation\" class=\"elementor-menu-toggle__icon--open eicon-menu-bar\"><\/i><i aria-hidden=\"true\" role=\"presentation\" class=\"elementor-menu-toggle__icon--close eicon-close\"><\/i>\t\t<\/div>\n\t\t\t\t\t<nav class=\"elementor-nav-menu--dropdown elementor-nav-menu__container\" aria-hidden=\"true\">\n\t\t\t\t<ul id=\"menu-2-14d4561f\" class=\"elementor-nav-menu\"><li class=\"menu-item menu-item-type-post_type menu-item-object-page menu-item-916\"><a href=\"https:\/\/radio-santec.com\/es\/impressum\/\" class=\"elementor-item\" tabindex=\"-1\">Impressum<\/a><\/li>\n<li class=\"menu-item menu-item-type-post_type menu-item-object-page menu-item-917\"><a href=\"https:\/\/radio-santec.com\/es\/proteccion-de-datos\/\" class=\"elementor-item\" tabindex=\"-1\">Protecci\u00f3n de datos<\/a><\/li>\n<li class=\"menu-item menu-item-type-post_type menu-item-object-page menu-item-918\"><a href=\"https:\/\/radio-santec.com\/es\/derechos-de-autor\/\" class=\"elementor-item\" tabindex=\"-1\">Derechos de autor<\/a><\/li>\n<\/ul>\t\t\t<\/nav>\n\t\t\t\t\t\t<\/div>\n\t\t\t\t<\/div>\n\t\t\t\t\t<\/div>\n\t\t<\/div>\n\t\t\t\t\t<\/div>\n\t\t<\/section>\n\t\t\t\t<\/div>\n\t\t","protected":false},"excerpt":{"rendered":"<p>Ninguna religi\u00f3n &#8211; El Esp\u00edritu Libre EMISOR INTERNACIONALCRISTIANO-ORIGINARIO DE RADIO Y TV Desde hace muchos a\u00f1os a Radio Santec le est\u00e1 siendo posible ofrecer mundialmente y de forma gratuita la aplicaci\u00f3n \u00abIhr Tag &#8211; Su d\u00eda\u00bb gracias al apoyo econ\u00f3mico de muchos amigos. \u00a1Muchas gracias por su colaboraci\u00f3n! Donativos Ihr [&hellip;]<\/p>\n","protected":false},"author":3,"featured_media":0,"parent":0,"menu_order":0,"comment_status":"closed","ping_status":"closed","template":"elementor_canvas","meta":{"footnotes":""},"class_list":["post-9446","page","type-page","status-publish","hentry"],"_links":{"self":[{"href":"https:\/\/radio-santec.com\/es\/wp-json\/wp\/v2\/pages\/9446","targetHints":{"allow":["GET"]}}],"collection":[{"href":"https:\/\/radio-santec.com\/es\/wp-json\/wp\/v2\/pages"}],"about":[{"href":"https:\/\/radio-santec.com\/es\/wp-json\/wp\/v2\/types\/page"}],"author":[{"embeddable":true,"href":"https:\/\/radio-santec.com\/es\/wp-json\/wp\/v2\/users\/3"}],"replies":[{"embeddable":true,"href":"https:\/\/radio-santec.com\/es\/wp-json\/wp\/v2\/comments?post=9446"}],"version-history":[{"count":16,"href":"https:\/\/radio-santec.com\/es\/wp-json\/wp\/v2\/pages\/9446\/revisions"}],"predecessor-version":[{"id":11290,"href":"https:\/\/radio-santec.com\/es\/wp-json\/wp\/v2\/pages\/9446\/revisions\/11290"}],"wp:attachment":[{"href":"https:\/\/radio-santec.com\/es\/wp-json\/wp\/v2\/media?parent=9446"}],"curies":[{"name":"wp","href":"https:\/\/api.w.org\/{rel}","templated":true}]}}