{"id":760,"date":"2018-12-10T16:45:07","date_gmt":"2018-12-10T15:45:07","guid":{"rendered":"http:\/\/radiosantec.airdev.de\/pagina-de-inicio\/quienes-somos\/"},"modified":"2022-01-04T12:22:10","modified_gmt":"2022-01-04T11:22:10","slug":"quienes-somos","status":"publish","type":"page","link":"https:\/\/radio-santec.com\/es\/pagina-de-inicio\/quienes-somos\/","title":{"rendered":"\u00bfQui\u00e9nes somos?"},"content":{"rendered":"<p><a href=\"https:\/\/radio-santec.com\" data-elementor-open-lightbox=\"\"><br \/>\n\t\t\t\t\t\t\t<img decoding=\"async\" width=\"27\" height=\"27\" src=\"https:\/\/radio-santec.com\/wp-content\/uploads\/2018\/10\/deutsch.png\" alt=\"\" \/>\t\t\t\t\t\t\t\t<\/a><br \/>\n\t\t\t\t\t\t\t\t\t\t\t<a href=\"https:\/\/radio-santec.com\/it\" data-elementor-open-lightbox=\"\"><br \/>\n\t\t\t\t\t\t\t<img decoding=\"async\" width=\"27\" height=\"27\" src=\"https:\/\/radio-santec.com\/wp-content\/uploads\/2018\/10\/Italian.png\" alt=\"\" \/>\t\t\t\t\t\t\t\t<\/a><br \/>\n\t\t\t\t\t\t\t\t\t\t\t<a href=\"https:\/\/radio-santec.com\/es\" data-elementor-open-lightbox=\"\"><br \/>\n\t\t\t\t\t\t\t<img decoding=\"async\" width=\"27\" height=\"27\" src=\"https:\/\/radio-santec.com\/wp-content\/uploads\/2018\/10\/Spanish.png\" alt=\"\" \/>\t\t\t\t\t\t\t\t<\/a><br \/>\n\t\t\t\t\t\t\t\t\t\t\t<a href=\"https:\/\/radio-santec.com\/fr\" data-elementor-open-lightbox=\"\"><br \/>\n\t\t\t\t\t\t\t<img loading=\"lazy\" decoding=\"async\" width=\"27\" height=\"27\" src=\"https:\/\/radio-santec.com\/wp-content\/uploads\/2018\/10\/French.png\" alt=\"\" \/>\t\t\t\t\t\t\t\t<\/a><br \/>\n\t\t\t\t\t\t\t\t\t\t\t<a href=\"https:\/\/radio-santec.com\/en\" data-elementor-open-lightbox=\"\"><br \/>\n\t\t\t\t\t\t\t<img loading=\"lazy\" decoding=\"async\" width=\"27\" height=\"27\" src=\"https:\/\/radio-santec.com\/wp-content\/uploads\/2018\/10\/English.png\" alt=\"\" \/>\t\t\t\t\t\t\t\t<\/a><br \/>\n\t\t\t\t\t\t\t\t\t\t\t<a href=\"https:\/\/radio-santec.com\/es\" data-elementor-open-lightbox=\"\"><br \/>\n\t\t\t\t\t\t\t<img loading=\"lazy\" decoding=\"async\" width=\"413\" height=\"140\" src=\"https:\/\/radio-santec.com\/wp-content\/uploads\/2018\/10\/logo_radio_santec.jpg\" alt=\"\" srcset=\"https:\/\/radio-santec.com\/wp-content\/uploads\/2018\/10\/logo_radio_santec.jpg 413w, https:\/\/radio-santec.com\/wp-content\/uploads\/2018\/10\/logo_radio_santec-300x102.jpg 300w\" sizes=\"(max-width: 413px) 100vw, 413px\" \/>\t\t\t\t\t\t\t\t<\/a><\/p>\n<h2><i>Ninguna religi\u00f3n &#8211; El Esp\u00edritu Libre<\/i><\/h2>\n<h3>EMISOR INTERNACIONAL<br \/>CRISTIANO-ORIGINARIO DE RADIO Y TV<\/h3>\n<p>\t\t\t\t\t\t\t\t\t\t\t<a href=\"https:\/\/radio-santec.com\/es\" data-elementor-open-lightbox=\"\"><br \/>\n\t\t\t\t\t\t\t<img loading=\"lazy\" decoding=\"async\" width=\"413\" height=\"140\" src=\"https:\/\/radio-santec.com\/wp-content\/uploads\/2018\/10\/logo_sophia_tv.jpg\" alt=\"\" srcset=\"https:\/\/radio-santec.com\/wp-content\/uploads\/2018\/10\/logo_sophia_tv.jpg 413w, https:\/\/radio-santec.com\/wp-content\/uploads\/2018\/10\/logo_sophia_tv-300x102.jpg 300w\" sizes=\"(max-width: 413px) 100vw, 413px\" \/>\t\t\t\t\t\t\t\t<\/a><\/p>\n<h2><a href=\"https:\/\/radio-santec.com\/es\/pagina-de-inicio\/audio\/\">Radio Santec &#8211; Web radio<\/a><\/h2>\n<h2><a href=\"https:\/\/radio-santec.com\/es\/pagina-de-inicio\/audio\/\">Escuchar ahora<\/a><\/h2>\n<p>\t\t\t\t\t\t\t\t\t\t<img loading=\"lazy\" decoding=\"async\" width=\"325\" height=\"180\" src=\"https:\/\/radio-santec.com\/wp-content\/uploads\/2018\/10\/radio_player.png\" alt=\"\" srcset=\"https:\/\/radio-santec.com\/wp-content\/uploads\/2018\/10\/radio_player.png 325w, https:\/\/radio-santec.com\/wp-content\/uploads\/2018\/10\/radio_player-300x166.png 300w\" sizes=\"(max-width: 325px) 100vw, 325px\" \/>\t\t\t\t\t\t\t\t\t\t\t<\/p>\n<h2><a href=\"https:\/\/radio-santec.com\/es\/pagina-de-inicio\/video\/\">Sophia TV &#8211; Web TV<\/a><\/h2>\n<h2><a href=\"https:\/\/radio-santec.com\/es\/pagina-de-inicio\/video\/\">Ver ahora<\/a><\/h2>\n<p>\t\t\t\t\t\t\t\t\t\t<img loading=\"lazy\" decoding=\"async\" width=\"293\" height=\"180\" src=\"https:\/\/radio-santec.com\/wp-content\/uploads\/2018\/10\/video_sophia.png\" alt=\"\" \/>\t\t\t\t\t\t\t\t\t\t\t<\/p>\n<h2>\u00bfQui\u00e9nes somos?<\/h2>\n<p>Radio Santec-Sophia TV es un emisor libre fundado en 1999. El contenido de los programas se ocupa de los diferentes \u00e1mbitos de la vida desde el punto de vista de los valores \u00e9ticos y morales, que est\u00e1n basados en los Diez Mandamientos de Dios, en el Serm\u00f3n de la Monta\u00f1a de Cristo, y en las ense\u00f1anzas dadas a trav\u00e9s de la palabra prof\u00e9tica a trav\u00e9s de Gabriele, la profeta y enviada de Dios para nuestro tiempo.<\/p>\n<p>De ello se derivan el respeto y la tolerancia, as\u00ed como el pacifismo y el respeto por la naturaleza y los animales. Los valores cristiano-originarios son una ayuda para todas las personas de todas la culturas, en la consciencia de que todos somos hijos de un mismo Dios, unidos en el Uno Universal.<\/p>\n<p>Los programas, que se emiten en varios idiomas, se ofrecen de forma gratuita a todas las emisoras interesadas.<\/p>\n<p>\t\t\t\t\t\t\t\t\t\t\t<a href=\"https:\/\/radio-santec.com\/pagina-de-inicio\/plan-de-emision\/?lang=es\" data-elementor-open-lightbox=\"\"><br \/>\n\t\t\t\t\t\t\t<img decoding=\"async\" src=\"https:\/\/radio-santec.com\/wp-content\/uploads\/2018\/10\/schedule-01.svg\" alt=\"\" \/>\t\t\t\t\t\t\t\t<\/a><\/p>\n<h2>Plan de emisi\u00f3n<\/h2>\n<p>Wir sind ein unabh\u00e4ngiger<br \/>\nRadio- und TV-Sender.<br \/>\nEntdecken Sie unsere Radio-<br \/>\nund TV-Programme.<\/p>\n<p>\t\t\t\t\t\t\t\t\t\t<img loading=\"lazy\" decoding=\"async\" width=\"400\" height=\"415\" src=\"https:\/\/radio-santec.com\/wp-content\/uploads\/2018\/10\/spenden_photo1.jpg\" alt=\"\" srcset=\"https:\/\/radio-santec.com\/wp-content\/uploads\/2018\/10\/spenden_photo1.jpg 400w, https:\/\/radio-santec.com\/wp-content\/uploads\/2018\/10\/spenden_photo1-289x300.jpg 289w\" sizes=\"(max-width: 400px) 100vw, 400px\" \/>\t\t\t\t\t\t\t\t\t\t\t<\/p>\n<h2>Un donativo de coraz\u00f3n<\/h2>\n<p>Los cristianos originarios de RADIO SANTEC &amp; TV no les pedimos simplemente un donativo, sino que les pedimos que con su donativo dado de coraz\u00f3n nos ayuden a hacer felices a nuestros semejantes.<\/p>\n<p>\t\t\t<a href=\"\/es\/pagina-de-inicio\/donativos\/\" role=\"button\"><br \/>\n\t\t\t\t\t\tDONATIVOS<br \/>\n\t\t\t\t\t<\/a><br \/>\n<canvas><\/canvas><\/p>\n<h2>Horario centroeuropeo<\/h2>\n<p>Radio Santec \u2013 Sophia TV emite las veinticuatro horas del d\u00eda desde Alemania a todo el mundo. La hora de referencia es la hora actual en Berl\u00edn, seg\u00fan el horario centroeuropeo.<\/p>\n<h2>Links interesantes<\/h2>\n<p>\t\t\t<a href=\"https:\/\/www.santec-music.de\" role=\"button\"><br \/>\n\t\t\t\t\t\tSantec Music<br \/>\n\t\t\t\t\t<\/a><\/p>\n<p>\u00a9 2019 &#8211; Radio Santec &#8211; Sophia TV<\/p>\n","protected":false},"excerpt":{"rendered":"<p>Ninguna religi\u00f3n &#8211; El Esp\u00edritu Libre EMISOR INTERNACIONALCRISTIANO-ORIGINARIO DE RADIO Y TV Radio Santec &#8211; Web radio Escuchar ahora Sophia TV &#8211; Web TV Ver ahora \u00bfQui\u00e9nes somos? Radio Santec-Sophia TV es un emisor libre fundado en 1999. El contenido de los programas se ocupa de los diferentes \u00e1mbitos de [&hellip;]<\/p>\n","protected":false},"author":3,"featured_media":0,"parent":381,"menu_order":0,"comment_status":"closed","ping_status":"closed","template":"elementor_canvas","meta":{"footnotes":""},"class_list":["post-760","page","type-page","status-publish","hentry"],"_links":{"self":[{"href":"https:\/\/radio-santec.com\/es\/wp-json\/wp\/v2\/pages\/760","targetHints":{"allow":["GET"]}}],"collection":[{"href":"https:\/\/radio-santec.com\/es\/wp-json\/wp\/v2\/pages"}],"about":[{"href":"https:\/\/radio-santec.com\/es\/wp-json\/wp\/v2\/types\/page"}],"author":[{"embeddable":true,"href":"https:\/\/radio-santec.com\/es\/wp-json\/wp\/v2\/users\/3"}],"replies":[{"embeddable":true,"href":"https:\/\/radio-santec.com\/es\/wp-json\/wp\/v2\/comments?post=760"}],"version-history":[{"count":10,"href":"https:\/\/radio-santec.com\/es\/wp-json\/wp\/v2\/pages\/760\/revisions"}],"predecessor-version":[{"id":1948,"href":"https:\/\/radio-santec.com\/es\/wp-json\/wp\/v2\/pages\/760\/revisions\/1948"}],"up":[{"embeddable":true,"href":"https:\/\/radio-santec.com\/es\/wp-json\/wp\/v2\/pages\/381"}],"wp:attachment":[{"href":"https:\/\/radio-santec.com\/es\/wp-json\/wp\/v2\/media?parent=760"}],"curies":[{"name":"wp","href":"https:\/\/api.w.org\/{rel}","templated":true}]}}